{"id":5792,"date":"2025-12-31T12:52:06","date_gmt":"2025-12-31T18:52:06","guid":{"rendered":"https:\/\/www.tarahexecutive.com\/?page_id=5792"},"modified":"2026-01-02T17:24:31","modified_gmt":"2026-01-02T23:24:31","slug":"reclutamiento-profesional","status":"publish","type":"page","link":"https:\/\/www.tarahexecutive.com\/es\/reclutamiento-profesional\/","title":{"rendered":"Reclutamiento profesional"},"content":{"rendered":"<section class=\"l-section wpb_row height_auto width_full\"><div class=\"l-section-h i-cf\"><div class=\"g-cols vc_row via_flex valign_top type_default stacking_default\"><div class=\"vc_col-sm-12 wpb_column vc_column_container\"><div class=\"vc_column-inner\"><div class=\"wpb_wrapper\"><section class=\"l-section wpb_row us_custom_e54fe9d3 height_medium\"><div class=\"l-section-h i-cf\"><div class=\"g-cols vc_row via_flex valign_top type_default stacking_default\"><div class=\"vc_col-sm-12 wpb_column vc_column_container\"><div class=\"vc_column-inner\"><div class=\"wpb_wrapper\"><div class=\"w-separator size_large\"><\/div><div class=\"g-cols wpb_row via_flex valign_top type_default stacking_default\"><div class=\"vc_col-sm-8 wpb_column vc_column_container\"><div class=\"vc_column-inner us_custom_d89fe7f6 us_animate_this\"><div class=\"wpb_wrapper\"><p class=\"w-post-elm post_title us_custom_37e47f7d has_text_color entry-title color_link_inherit\">Reclutamiento profesional<\/p><nav class=\"g-breadcrumbs us_custom_6df4bc3a has_text_color separator_icon align_none\" itemscope itemtype=\"http:\/\/schema.org\/BreadcrumbList\"><div class=\"g-breadcrumbs-item\" itemscope itemprop=\"itemListElement\" itemtype=\"http:\/\/schema.org\/ListItem\"><a itemprop=\"item\" href=\"https:\/\/www.tarahexecutive.com\/es\/\"><span itemprop=\"name\">Inicio<\/span><\/a><meta itemprop=\"position\" content=\"1\"\/><\/div><div class=\"g-breadcrumbs-separator\"><i class=\"far fa-chevron-double-right\"><\/i><\/div><div class=\"g-breadcrumbs-item\">P\u00e1ginas<\/div><\/nav><\/div><\/div><\/div><div class=\"vc_col-sm-4 wpb_column vc_column_container\"><div class=\"vc_column-inner\"><div class=\"wpb_wrapper\"><\/div><\/div><\/div><\/div><div class=\"w-separator size_medium\"><\/div><\/div><\/div><\/div><\/div><\/div><\/section>\n<\/div><\/div><\/div><\/div><\/div><\/section><section class=\"l-section wpb_row height_huge\"><div class=\"l-section-h i-cf\"><div class=\"g-cols vc_row via_flex valign_top type_default stacking_default\"><div class=\"vc_col-sm-8 wpb_column vc_column_container\"><div class=\"vc_column-inner us_custom_e81f7572 us_animate_this\"><div class=\"wpb_wrapper\"><div class=\"w-separator hide_on_default hide_on_laptops size_medium\"><\/div><div class=\"g-cols wpb_row via_flex valign_top type_default stacking_default\"><div class=\"vc_col-sm-12 wpb_column vc_column_container\"><div class=\"vc_column-inner\"><div class=\"wpb_wrapper\"><div class=\"w-separator size_small\"><\/div><div class=\"wpb_text_column us_custom_1eca2002 has_text_color\"><div class=\"wpb_wrapper\"><p>Reclutamiento Profesional en M\u00e9xico<\/p>\n<\/div><\/div><h2 class=\"w-post-elm post_title entry-title color_link_inherit\">Reclutamiento profesional<\/h2><div class=\"wpb_text_column\"><div class=\"wpb_wrapper\"><p>Nos enfocamos en posiciones clave que respaldan las operaciones administrativas, financieras y funcionales dentro de las organizaciones. Los perfiles que cubrimos incluyen Analistas Financieros, Compradores y Especialistas en Compras, Especialistas en Log\u00edstica y Supply Chain, Cuentas por Pagar y Cuentas por Cobrar, as\u00ed como roles de Planificaci\u00f3n y Control.<\/p>\n<\/div><\/div><div class=\"w-separator size_large\"><\/div><\/div><\/div><\/div><\/div><div class=\"g-cols wpb_row via_flex valign_top type_default stacking_default\"><div class=\"vc_col-sm-12 wpb_column vc_column_container\"><div class=\"vc_column-inner\"><div class=\"wpb_wrapper\"><div class=\"wpb_text_column us_custom_66704176 has_text_color\"><div class=\"wpb_wrapper\"><p>Diferenciadores<\/p>\n<\/div><\/div><div class=\"w-separator size_small\"><\/div><div class=\"wpb_text_column us_custom_d0844cec\"><div class=\"wpb_wrapper\"><p>Vamos m\u00e1s all\u00e1 del reclutamiento tradicional al validar a los candidatos mediante un marco riguroso enfocado en el impacto operativo y el encaje estructural:<\/p>\n<\/div><\/div><div class=\"w-separator size_medium\"><\/div><div class=\"w-html\"><style>\n    .tarah-container {\n        display: flex;\n        flex-direction: column;\n        gap: 4rem;\n        max-width: 56rem;\n        margin: 0 auto;\n    }\n\n    .tarah-item {\n        display: flex;\n        flex-direction: column;\n        gap: 2rem;\n        cursor: pointer;\n        text-decoration: none;\n    }\n\n    @media (min-width: 768px) {\n        .tarah-item {\n            flex-direction: row;\n        }\n    }\n\n    .tarah-icon-box {\n        width: 4rem;\n        height: 4rem;\n        flex-shrink: 0;\n        display: flex;\n        align-items: center;\n        justify-content: center;\n        border: 1px solid #e5e7eb;\n        background-color: #ffffff;\n        border-radius: 9999px;\n        color: #000;\n        transition: all 0.5s cubic-bezier(0.16, 1, 0.3, 1);\n    }\n\n    .tarah-number {\n        font-weight: 700;\n        font-size: 1.25rem;\n        line-height: 1;\n    }\n\n    .tarah-item:hover .tarah-icon-box {\n        background-color: #0a0a0a;\n        border-color: #0a0a0a;\n        color: #ffffff;\n    }\n\n    .tarah-title {\n        font-size: 35px;\n        font-weight: 600;\n        margin-bottom: 0.75rem;\n        margin-top: 0;\n        color: var(--color-content-heading)!important;\n        transition: transform 0.5s cubic-bezier(0.16, 1, 0.3, 1);\n        display: block;\n    }\n\n    .tarah-desc {\n        color: #4b5563;\n        font-weight: 300;\n        font-size: 1.125rem;\n        line-height: 1.5;\n        margin: 0;\n    }\n\n    .tarah-item:hover .tarah-title {\n        transform: translateX(0.5rem);\n    }\n<\/style>\n\n<div class=\"tarah-container\">\n    <div class=\"tarah-item\">\n        <div class=\"tarah-icon-box\">\n            <span class=\"tarah-number\">01<\/span>\n        <\/div>\n        <div>\n            <h5 class=\"tarah-title\">Enfoque Funcional Clave<\/h5>\n            <p class=\"tarah-desc\">Priorizamos la identificaci\u00f3n de talento para roles administrativos y funcionales cr\u00edticos que constituyen la columna vertebral operativa de tu organizaci\u00f3n.<\/p>\n        <\/div>\n    <\/div>\n\n    <div class=\"tarah-item\">\n        <div class=\"tarah-icon-box\">\n            <span class=\"tarah-number\">02<\/span>\n        <\/div>\n        <div>\n            <h5 class=\"tarah-title\">Mentalidad Anal\u00edtica<\/h5>\n            <p class=\"tarah-desc\">Nuestro proceso de evaluaci\u00f3n se centra en profesionales con un fuerte enfoque orientado a KPIs, asegurando que cada incorporaci\u00f3n est\u00e9 impulsada por datos y resultados medibles.<\/p>\n        <\/div>\n    <\/div>\n\n    <div class=\"tarah-item\">\n        <div class=\"tarah-icon-box\">\n            <span class=\"tarah-number\">03<\/span>\n        <\/div>\n        <div>\n            <h5 class=\"tarah-title\">Alineaci\u00f3n Estructural<\/h5>\n            <p class=\"tarah-desc\">Garantizamos que los candidatos encajen con el nivel de madurez organizativa espec\u00edfico de tu empresa, adapt\u00e1ndose perfectamente a su estructura y jerarqu\u00eda actuales.<\/p>\n        <\/div>\n    <\/div>\n<\/div><\/div><div class=\"w-separator size_medium with_line width_default thick_1 style_solid color_border align_center\"><div class=\"w-separator-h\"><\/div><\/div><div class=\"wpb_text_column us_custom_9162a3ba has_text_color\"><div class=\"wpb_wrapper\"><p>Talento profesional que sostiene las operaciones estrat\u00e9gicas.<\/p>\n<\/div><\/div><\/div><\/div><\/div><\/div><\/div><\/div><\/div><div class=\"vc_col-sm-4 wpb_column vc_column_container\"><div class=\"vc_column-inner us_custom_75392e27 us_animate_this type_sticky\"><div class=\"wpb_wrapper\"><nav class=\"w-menu us_custom_62448415 has_text_color layout_ver style_blocks us_menu_1\" style=\"--main-gap:1.5rem;--main-ver-indent:0.8em;--main-hor-indent:0.8em;--main-bg-color:#ffffff;--main-color:var(--color-content-primary);--main-hover-bg-color:var(--color-content-primary);--main-hover-color:#ffffff;--main-active-bg-color:var(--color-content-primary);--main-active-color:#ffffff;\"><div class=\"menu\"><ul><li class=\"page_item page-item-576\"><a href=\"https:\/\/www.tarahexecutive.com\/es\/contact\/\">Contacto<\/a><\/li><li class=\"page_item page-item-5789\"><a href=\"https:\/\/www.tarahexecutive.com\/es\/reclutamiento-ejecutivo\/\">Reclutamiento ejecutivo<\/a><\/li><li class=\"page_item page-item-5798\"><a href=\"https:\/\/www.tarahexecutive.com\/es\/reclutamiento-personal\/\">Reclutamiento de personal<\/a><\/li><li class=\"page_item page-item-5792\"><a href=\"https:\/\/www.tarahexecutive.com\/es\/reclutamiento-profesional\/\">Reclutamiento profesional<\/a><\/li><li class=\"page_item page-item-220\"><a href=\"https:\/\/www.tarahexecutive.com\/es\/\">Agencia de reclutamiento en M\u00e9xico<\/a><\/li><li class=\"page_item page-item-5801\"><a href=\"https:\/\/www.tarahexecutive.com\/es\/reclutamiento-remoto\/\">Reclutamiento remoto<\/a><\/li><li class=\"page_item page-item-381\"><a href=\"https:\/\/www.tarahexecutive.com\/es\/informacion-perfil-buscado\/\">Solicitud de vacante<\/a><\/li><li class=\"page_item page-item-5795\"><a href=\"https:\/\/www.tarahexecutive.com\/es\/reclutamiento-tecnico\/\">Reclutamiento t\u00e9cnico<\/a><\/li><li class=\"page_item page-item-399\"><a href=\"https:\/\/www.tarahexecutive.com\/es\/searched-profile-information\/\">Vacancy application<\/a><\/li><\/ul><\/div><style>@media ( max-width:600px ){.us_menu_1 .menu{display:block!important}.us_menu_1 .menu>li{margin:0 0 var(--main-gap,1.5rem)!important}}<\/style><\/nav><div class=\"w-separator size_large\"><\/div><div class=\"w-separator hide_on_default hide_on_laptops size_medium\"><\/div><div class=\"w-vwrapper us_custom_4d4d06e6 align_center valign_top\" style=\"--vwrapper-gap:1rem\"><div class=\"w-image us_custom_31128078 style_circle align_center\"><div class=\"w-image-h\"><img decoding=\"async\" width=\"300\" height=\"300\" src=\"https:\/\/www.tarahexecutive.com\/archivos\/2026\/01\/cristina-about.webp\" class=\"attachment-full size-full\" alt=\"\" loading=\"lazy\" srcset=\"https:\/\/www.tarahexecutive.com\/archivos\/2026\/01\/cristina-about.webp 300w, https:\/\/www.tarahexecutive.com\/archivos\/2026\/01\/cristina-about-150x150.webp 150w, https:\/\/www.tarahexecutive.com\/archivos\/2026\/01\/cristina-about-12x12.webp 12w\" sizes=\"auto, (max-width: 300px) 100vw, 300px\" \/><\/div><\/div><div class=\"w-text us_custom_0d985b8f has_text_color\"><span class=\"w-text-h\"><span class=\"w-text-value\">\u00bfC\u00f3mo te podemos ayudar?<\/span><\/span><\/div><div class=\"wpb_text_column us_custom_d44d8758 has_text_color\"><div class=\"wpb_wrapper\"><p>\u00bfListo para impulsar tu liderazgo? Desarrollemos tu estrategia de talento.<\/p>\n<\/div><\/div><div class=\"w-btn-wrapper align_center\"><a class=\"w-btn us-btn-style_2 icon_atright\" target=\"_blank\" href=\"https:\/\/app.apollo.io\/#\/meet\/tarah-discovery-session\"><span class=\"w-btn-label\">Book a meeting<\/span><i class=\"fal fa-long-arrow-right\"><\/i><\/a><\/div><\/div><\/div><\/div><\/div><\/div><\/div><\/section><section class=\"l-section wpb_row height_huge\"><div class=\"l-section-overlay\" style=\"background:var(--color-content-bg-alt)\"><\/div><div class=\"l-section-h i-cf\"><div class=\"g-cols vc_row via_flex valign_top type_default stacking_default\"><div class=\"vc_col-sm-12 wpb_column vc_column_container\"><div class=\"vc_column-inner us_custom_f70d789f us_animate_this\"><div class=\"wpb_wrapper\"><div class=\"wpb_text_column us_custom_f66e67b4 has_text_color\"><div class=\"wpb_wrapper\"><p>\u00bfListo para encontrar tu<br \/>\n<span class=\"bolds\">Jugador Clave?<\/span><\/p>\n<\/div><\/div><div class=\"w-separator size_medium\"><\/div><div class=\"w-btn-wrapper align_center\"><a class=\"w-btn us-btn-style_1 icon_atright\" href=\"https:\/\/www.tarahexecutive.com\/es\/contact\/\"><span class=\"w-btn-label\">Cont\u00e1ctanos<\/span><i class=\"fas fa-long-arrow-right\"><\/i><\/a><\/div><\/div><\/div><\/div><\/div><\/div><\/section>","protected":false},"excerpt":{"rendered":"Professional recruitmentInicioP\u00e1ginas Professional Staffing USA Professional recruitmentWe focus on key roles that support administrative, financial, and functional operations within organizations. The positions we cover include Financial Analysts, Buyers and Procurement Specialists, Logistics and Supply Chain Specialists, Accounts Payable and Receivable, as well as Planning and Control roles. Differentiators We go beyond standard recruitment by validating...","protected":false},"author":1,"featured_media":5917,"parent":0,"menu_order":0,"comment_status":"closed","ping_status":"closed","template":"","meta":{"footnotes":""},"class_list":["post-5792","page","type-page","status-publish","has-post-thumbnail","hentry"],"yoast_head":"\n<title>Professional Staffing USA | Tarah<\/title>\n<meta name=\"description\" content=\"Streamline your hiring with TARAH\u2019s Professional Staffing USA services. We connect you with vetted specialists.\" \/>\n<meta name=\"robots\" content=\"index, follow, max-snippet:-1, max-image-preview:large, max-video-preview:-1\" \/>\n<link rel=\"canonical\" href=\"https:\/\/www.tarahexecutive.com\/es\/reclutamiento-profesional\/\" \/>\n<meta property=\"og:locale\" content=\"es_MX\" \/>\n<meta property=\"og:type\" content=\"article\" \/>\n<meta property=\"og:title\" content=\"Professional recruitment\" \/>\n<meta property=\"og:description\" content=\"Streamline your hiring with TARAH\u2019s Professional Staffing USA services. We connect you with vetted specialists.\" \/>\n<meta property=\"og:url\" content=\"https:\/\/www.tarahexecutive.com\/es\/reclutamiento-profesional\/\" \/>\n<meta property=\"og:site_name\" content=\"Tarah\" \/>\n<meta property=\"article:publisher\" content=\"https:\/\/www.facebook.com\/tarahreclutamiento\/\" \/>\n<meta property=\"article:modified_time\" content=\"2026-01-02T23:24:31+00:00\" \/>\n<meta property=\"og:image\" content=\"https:\/\/www.tarahexecutive.com\/archivos\/2026\/01\/ProfessionalRecruitment.jpg\" \/>\n\t<meta property=\"og:image:width\" content=\"1200\" \/>\n\t<meta property=\"og:image:height\" content=\"1200\" \/>\n\t<meta property=\"og:image:type\" content=\"image\/jpeg\" \/>\n<meta name=\"twitter:card\" content=\"summary_large_image\" \/>\n<meta name=\"twitter:label1\" content=\"Tiempo de lectura\" \/>\n\t<meta name=\"twitter:data1\" content=\"1 minuto\" \/>\n<script type=\"application\/ld+json\" class=\"yoast-schema-graph\">{\"@context\":\"https:\/\/schema.org\",\"@graph\":[{\"@type\":\"WebPage\",\"@id\":\"https:\/\/www.tarahexecutive.com\/professional-recruitment\/\",\"url\":\"https:\/\/www.tarahexecutive.com\/professional-recruitment\/\",\"name\":\"Professional Staffing USA | Tarah\",\"isPartOf\":{\"@id\":\"https:\/\/www.tarahexecutive.com\/#website\"},\"primaryImageOfPage\":{\"@id\":\"https:\/\/www.tarahexecutive.com\/professional-recruitment\/#primaryimage\"},\"image\":{\"@id\":\"https:\/\/www.tarahexecutive.com\/professional-recruitment\/#primaryimage\"},\"thumbnailUrl\":\"https:\/\/www.tarahexecutive.com\/archivos\/2026\/01\/ProfessionalRecruitment.jpg\",\"datePublished\":\"2025-12-31T18:52:06+00:00\",\"dateModified\":\"2026-01-02T23:24:31+00:00\",\"description\":\"Streamline your hiring with TARAH\u2019s Professional Staffing USA services. We connect you with vetted specialists.\",\"breadcrumb\":{\"@id\":\"https:\/\/www.tarahexecutive.com\/professional-recruitment\/#breadcrumb\"},\"inLanguage\":\"es\",\"potentialAction\":[{\"@type\":\"ReadAction\",\"target\":[\"https:\/\/www.tarahexecutive.com\/professional-recruitment\/\"]}]},{\"@type\":\"ImageObject\",\"inLanguage\":\"es\",\"@id\":\"https:\/\/www.tarahexecutive.com\/professional-recruitment\/#primaryimage\",\"url\":\"https:\/\/www.tarahexecutive.com\/archivos\/2026\/01\/ProfessionalRecruitment.jpg\",\"contentUrl\":\"https:\/\/www.tarahexecutive.com\/archivos\/2026\/01\/ProfessionalRecruitment.jpg\",\"width\":1200,\"height\":1200,\"caption\":\"Professional Staffing USA\"},{\"@type\":\"BreadcrumbList\",\"@id\":\"https:\/\/www.tarahexecutive.com\/professional-recruitment\/#breadcrumb\",\"itemListElement\":[{\"@type\":\"ListItem\",\"position\":1,\"name\":\"Home\",\"item\":\"https:\/\/www.tarahexecutive.com\/\"},{\"@type\":\"ListItem\",\"position\":2,\"name\":\"Professional recruitment\"}]},{\"@type\":\"WebSite\",\"@id\":\"https:\/\/www.tarahexecutive.com\/#website\",\"url\":\"https:\/\/www.tarahexecutive.com\/\",\"name\":\"TARAH\",\"description\":\"Servicio de reclutamiento ejecutivo en M\u00e9xico\",\"publisher\":{\"@id\":\"https:\/\/www.tarahexecutive.com\/#organization\"},\"potentialAction\":[{\"@type\":\"SearchAction\",\"target\":{\"@type\":\"EntryPoint\",\"urlTemplate\":\"https:\/\/www.tarahexecutive.com\/?s={search_term_string}\"},\"query-input\":{\"@type\":\"PropertyValueSpecification\",\"valueRequired\":true,\"valueName\":\"search_term_string\"}}],\"inLanguage\":\"es\"},{\"@type\":[\"Organization\",\"Place\"],\"@id\":\"https:\/\/www.tarahexecutive.com\/#organization\",\"name\":\"TARAH\",\"url\":\"https:\/\/www.tarahexecutive.com\/\",\"logo\":{\"@id\":\"https:\/\/www.tarahexecutive.com\/professional-recruitment\/#local-main-organization-logo\"},\"image\":{\"@id\":\"https:\/\/www.tarahexecutive.com\/professional-recruitment\/#local-main-organization-logo\"},\"sameAs\":[\"https:\/\/www.facebook.com\/tarahreclutamiento\/\",\"https:\/\/mx.linkedin.com\/company\/tarahsearch\",\"https:\/\/www.instagram.com\/tarah.executive\/\"],\"address\":{\"@id\":\"https:\/\/www.tarahexecutive.com\/professional-recruitment\/#local-main-place-address\"},\"geo\":{\"@type\":\"GeoCoordinates\",\"latitude\":\"31.6819508\",\"longitude\":\"-106.3946517\"},\"telephone\":[\"+526561000909\"],\"openingHoursSpecification\":[],\"email\":\"cristina@www.tarahexecutive.com\"},{\"@type\":\"PostalAddress\",\"@id\":\"https:\/\/www.tarahexecutive.com\/professional-recruitment\/#local-main-place-address\",\"streetAddress\":\"Plaza San Luis, Av. Ej\u00e9rcito Nacional 9781, Partido Senec\u00fa\",\"addressLocality\":\"Ciudad Ju\u00e1rez\",\"postalCode\":\"32459\",\"addressRegion\":\"Chihuahua\",\"addressCountry\":\"MX\"},{\"@type\":\"ImageObject\",\"inLanguage\":\"es\",\"@id\":\"https:\/\/www.tarahexecutive.com\/professional-recruitment\/#local-main-organization-logo\",\"url\":\"https:\/\/www.tarahexecutive.com\/archivos\/2022\/11\/Tarah.jpg\",\"contentUrl\":\"https:\/\/www.tarahexecutive.com\/archivos\/2022\/11\/Tarah.jpg\",\"width\":1200,\"height\":1200,\"caption\":\"TARAH\"}]}<\/script>\n<meta name=\"geo.placename\" content=\"Ciudad Ju\u00e1rez\" \/>\n<meta name=\"geo.position\" content=\"31.6819508;-106.3946517\" \/>\n<meta name=\"geo.region\" content=\"M\u00e9xico\" \/>\n","yoast_head_json":{"title":"Reclutamiento Profesional en M\u00e9xico | Tarah","description":"Agilice su contrataci\u00f3n con los servicios de Reclutamiento Profesional en M\u00e9xico de TARAH. Lo conectamos con especialistas examinados.","robots":{"index":"index","follow":"follow","max-snippet":"max-snippet:-1","max-image-preview":"max-image-preview:large","max-video-preview":"max-video-preview:-1"},"canonical":"https:\/\/www.tarahexecutive.com\/es\/reclutamiento-profesional\/","og_locale":"es_MX","og_type":"article","og_title":"Professional recruitment","og_description":"Streamline your hiring with TARAH\u2019s Professional Staffing USA services. We connect you with vetted specialists.","og_url":"https:\/\/www.tarahexecutive.com\/es\/reclutamiento-profesional\/","og_site_name":"Tarah","article_publisher":"https:\/\/www.facebook.com\/tarahreclutamiento\/","article_modified_time":"2026-01-02T23:24:31+00:00","og_image":[{"width":1200,"height":1200,"url":"https:\/\/www.tarahexecutive.com\/archivos\/2026\/01\/ProfessionalRecruitment.jpg","type":"image\/jpeg"}],"twitter_card":"summary_large_image","twitter_misc":{"Tiempo de lectura":"1 minuto"},"schema":{"@context":"https:\/\/schema.org","@graph":[{"@type":"WebPage","@id":"https:\/\/www.tarahexecutive.com\/professional-recruitment\/","url":"https:\/\/www.tarahexecutive.com\/professional-recruitment\/","name":"Reclutamiento Profesional en M\u00e9xico | Tarah","isPartOf":{"@id":"https:\/\/www.tarahexecutive.com\/#website"},"primaryImageOfPage":{"@id":"https:\/\/www.tarahexecutive.com\/professional-recruitment\/#primaryimage"},"image":{"@id":"https:\/\/www.tarahexecutive.com\/professional-recruitment\/#primaryimage"},"thumbnailUrl":"https:\/\/www.tarahexecutive.com\/archivos\/2026\/01\/ProfessionalRecruitment.jpg","datePublished":"2025-12-31T18:52:06+00:00","dateModified":"2026-01-02T23:24:31+00:00","description":"Agilice su contrataci\u00f3n con los servicios de Reclutamiento Profesional en M\u00e9xico de TARAH. Lo conectamos con especialistas examinados.","breadcrumb":{"@id":"https:\/\/www.tarahexecutive.com\/professional-recruitment\/#breadcrumb"},"inLanguage":"es","potentialAction":[{"@type":"ReadAction","target":["https:\/\/www.tarahexecutive.com\/professional-recruitment\/"]}]},{"@type":"ImageObject","inLanguage":"es","@id":"https:\/\/www.tarahexecutive.com\/professional-recruitment\/#primaryimage","url":"https:\/\/www.tarahexecutive.com\/archivos\/2026\/01\/ProfessionalRecruitment.jpg","contentUrl":"https:\/\/www.tarahexecutive.com\/archivos\/2026\/01\/ProfessionalRecruitment.jpg","width":1200,"height":1200,"caption":"Professional Staffing USA"},{"@type":"BreadcrumbList","@id":"https:\/\/www.tarahexecutive.com\/professional-recruitment\/#breadcrumb","itemListElement":[{"@type":"ListItem","position":1,"name":"Home","item":"https:\/\/www.tarahexecutive.com\/"},{"@type":"ListItem","position":2,"name":"Professional recruitment"}]},{"@type":"WebSite","@id":"https:\/\/www.tarahexecutive.com\/#website","url":"https:\/\/www.tarahexecutive.com\/","name":"TARAH","description":"Servicio de reclutamiento ejecutivo en M\u00e9xico","publisher":{"@id":"https:\/\/www.tarahexecutive.com\/#organization"},"potentialAction":[{"@type":"SearchAction","target":{"@type":"EntryPoint","urlTemplate":"https:\/\/www.tarahexecutive.com\/?s={search_term_string}"},"query-input":{"@type":"PropertyValueSpecification","valueRequired":true,"valueName":"search_term_string"}}],"inLanguage":"es"},{"@type":["Organization","Place"],"@id":"https:\/\/www.tarahexecutive.com\/#organization","name":"TARAH","url":"https:\/\/www.tarahexecutive.com\/","logo":{"@id":"https:\/\/www.tarahexecutive.com\/professional-recruitment\/#local-main-organization-logo"},"image":{"@id":"https:\/\/www.tarahexecutive.com\/professional-recruitment\/#local-main-organization-logo"},"sameAs":["https:\/\/www.facebook.com\/tarahreclutamiento\/","https:\/\/mx.linkedin.com\/company\/tarahsearch","https:\/\/www.instagram.com\/tarah.executive\/"],"address":{"@id":"https:\/\/www.tarahexecutive.com\/professional-recruitment\/#local-main-place-address"},"geo":{"@type":"GeoCoordinates","latitude":"31.6819508","longitude":"-106.3946517"},"telephone":["+526561000909"],"openingHoursSpecification":[],"email":"cristina@www.tarahexecutive.com"},{"@type":"PostalAddress","@id":"https:\/\/www.tarahexecutive.com\/professional-recruitment\/#local-main-place-address","streetAddress":"Plaza San Luis, Av. Ej\u00e9rcito Nacional 9781, Partido Senec\u00fa","addressLocality":"Ciudad Ju\u00e1rez","postalCode":"32459","addressRegion":"Chihuahua","addressCountry":"MX"},{"@type":"ImageObject","inLanguage":"es","@id":"https:\/\/www.tarahexecutive.com\/professional-recruitment\/#local-main-organization-logo","url":"https:\/\/www.tarahexecutive.com\/archivos\/2022\/11\/Tarah.jpg","contentUrl":"https:\/\/www.tarahexecutive.com\/archivos\/2022\/11\/Tarah.jpg","width":1200,"height":1200,"caption":"TARAH"}]},"geo.placename":"Ciudad Ju\u00e1rez","geo.position":{"lat":"31.6819508","long":"-106.3946517"},"geo.region":"M\u00e9xico"},"_links":{"self":[{"href":"https:\/\/www.tarahexecutive.com\/es\/wp-json\/wp\/v2\/pages\/5792","targetHints":{"allow":["GET"]}}],"collection":[{"href":"https:\/\/www.tarahexecutive.com\/es\/wp-json\/wp\/v2\/pages"}],"about":[{"href":"https:\/\/www.tarahexecutive.com\/es\/wp-json\/wp\/v2\/types\/page"}],"author":[{"embeddable":true,"href":"https:\/\/www.tarahexecutive.com\/es\/wp-json\/wp\/v2\/users\/1"}],"replies":[{"embeddable":true,"href":"https:\/\/www.tarahexecutive.com\/es\/wp-json\/wp\/v2\/comments?post=5792"}],"version-history":[{"count":0,"href":"https:\/\/www.tarahexecutive.com\/es\/wp-json\/wp\/v2\/pages\/5792\/revisions"}],"wp:featuredmedia":[{"embeddable":true,"href":"https:\/\/www.tarahexecutive.com\/es\/wp-json\/wp\/v2\/media\/5917"}],"wp:attachment":[{"href":"https:\/\/www.tarahexecutive.com\/es\/wp-json\/wp\/v2\/media?parent=5792"}],"curies":[{"name":"wp","href":"https:\/\/api.w.org\/{rel}","templated":true}]}}